{"id":53128,"date":"2026-04-22T20:42:05","date_gmt":"2026-04-22T18:42:05","guid":{"rendered":"https:\/\/www.ersa-shop.com\/produkt\/ersadur-loetspitze-gerade-angeschraegt-80-mm-optimiert-fuer-ersa-35\/"},"modified":"2026-04-22T21:08:57","modified_gmt":"2026-04-22T19:08:57","slug":"ersadur-loetspitze-gerade-angeschraegt-80-mm-optimiert-fuer-ersa-35","status":"publish","type":"product","link":"https:\/\/www.ersa-shop.com\/en\/produkt\/ersadur-loetspitze-gerade-angeschraegt-80-mm-optimiert-fuer-ersa-35\/","title":{"rendered":"(Deutsch) ERSADUR L\u00f6tspitze, gerade, angeschr\u00e4gt 8,0 mm optimiert f\u00fcr Ersa 35+"},"content":{"rendered":"<p class=\"qtranxs-available-languages-message qtranxs-available-languages-message-en\">Sorry, this entry is only available in <a href=\"https:\/\/www.ersa-shop.com\/de\/wp-json\/wp\/v2\/product\/53128\" class=\"qtranxs-available-language-link qtranxs-available-language-link-de\" title=\"Deutsch\">Deutsch<\/a>.<\/p>","protected":false},"excerpt":{"rendered":"<p>Sorry, this entry is only available in Deutsch.<\/p>\n","protected":false},"featured_media":53132,"template":"","meta":[],"product_cat":[128],"product_tag":[],"class_list":{"0":"post-53128","1":"product","2":"type-product","3":"status-publish","4":"has-post-thumbnail","6":"product_cat-852-serie-fuer-power-ergo-basic-multi-tool","7":"product_shipping_class-postwarenpost-individuell","9":"first","10":"instock","11":"taxable","12":"shipping-taxable","13":"purchasable","14":"product-type-simple"},"_links":{"self":[{"href":"https:\/\/www.ersa-shop.com\/en\/wp-json\/wp\/v2\/product\/53128"}],"collection":[{"href":"https:\/\/www.ersa-shop.com\/en\/wp-json\/wp\/v2\/product"}],"about":[{"href":"https:\/\/www.ersa-shop.com\/en\/wp-json\/wp\/v2\/types\/product"}],"wp:featuredmedia":[{"embeddable":true,"href":"https:\/\/www.ersa-shop.com\/en\/wp-json\/wp\/v2\/media\/53132"}],"wp:attachment":[{"href":"https:\/\/www.ersa-shop.com\/en\/wp-json\/wp\/v2\/media?parent=53128"}],"wp:term":[{"taxonomy":"product_cat","embeddable":true,"href":"https:\/\/www.ersa-shop.com\/en\/wp-json\/wp\/v2\/product_cat?post=53128"},{"taxonomy":"product_tag","embeddable":true,"href":"https:\/\/www.ersa-shop.com\/en\/wp-json\/wp\/v2\/product_tag?post=53128"}],"curies":[{"name":"wp","href":"https:\/\/api.w.org\/{rel}","templated":true}]}}