{"id":49533,"date":"2026-04-14T16:56:40","date_gmt":"2026-04-14T14:56:40","guid":{"rendered":"https:\/\/www.ersa-shop.com\/produkt\/bga-universal-schablonensatz-edelstahl-90-x-90-mm-inhalt-12-stueck\/"},"modified":"2026-04-14T17:11:54","modified_gmt":"2026-04-14T15:11:54","slug":"bga-universal-schablonensatz-edelstahl-90-x-90-mm-inhalt-12-stueck","status":"publish","type":"product","link":"https:\/\/www.ersa-shop.com\/en\/produkt\/bga-universal-schablonensatz-edelstahl-90-x-90-mm-inhalt-12-stueck\/","title":{"rendered":"BGA universal stencil set, stainless steel, 90 x 90 mm, contents 12 pieces"},"content":{"rendered":"<p>BGA universal stencil set, stainless steel, 90 x 90 mm, contents 12 pieces,<br \/>\nthe following types are included:<br \/>\n1 stencil for solder balls \u00f8 0.25 mm; pitch 0.5 mm<br \/>\n1 stencil for solder balls \u00f8 0.30 mm; pitch 0.6 mm<br \/>\n1 stencil for solder balls \u00f8 0.35 mm; pitch 0.65 mm<br \/>\n1 stencil for solder balls \u00f8 0.40 mm; pitch 0.8 mm<br \/>\n1 stencil for solder balls \u00f8 0.45 mm; pitch 0.8 mm<br \/>\n1 stencil for solder balls \u00f8 0.50 mm; pitch 0.8 mm<br \/>\n1 stencil for solder balls \u00f8 0.55 mm; pitch 1.0 mm<br \/>\n1 stencil for solder balls \u00f8 0.60 mm; pitch 0.9 mm<br \/>\n1 stencil for solder balls \u00f8 0.60 mm; pitch 1.0 mm<br \/>\n1 stencil for solder balls \u00f8 0.60 mm; pitch 1.1 mm<br \/>\n1 stencil for solder balls \u00f8 0.65 mm; pitch 1.0 mm<br \/>\n1 stencil for solder balls \u00f8 0.76 mm; pitch 1.27 mm<\/p>","protected":false},"excerpt":{"rendered":"<p>BGA universal stencil set, stainless steel, 90 x 90 mm, contents 12 pieces, the following types are included: 1 stencil for solder balls \u00f8 0.25 mm; pitch 0.5 mm 1 stencil for solder balls \u00f8 0.30 mm; pitch 0.6 mm 1 stencil for solder balls \u00f8 0.35 mm; pitch 0.65 mm 1 stencil for solder [&hellip;]<\/p>\n","protected":false},"featured_media":51668,"template":"","meta":[],"product_cat":[2306],"product_tag":[],"class_list":{"0":"post-49533","1":"product","2":"type-product","3":"status-publish","4":"has-post-thumbnail","6":"product_cat-schablonen-und-reballingstationen","7":"product_shipping_class-postwarenpost-individuell","9":"first","10":"instock","11":"taxable","12":"shipping-taxable","13":"purchasable","14":"product-type-simple"},"_links":{"self":[{"href":"https:\/\/www.ersa-shop.com\/en\/wp-json\/wp\/v2\/product\/49533"}],"collection":[{"href":"https:\/\/www.ersa-shop.com\/en\/wp-json\/wp\/v2\/product"}],"about":[{"href":"https:\/\/www.ersa-shop.com\/en\/wp-json\/wp\/v2\/types\/product"}],"wp:featuredmedia":[{"embeddable":true,"href":"https:\/\/www.ersa-shop.com\/en\/wp-json\/wp\/v2\/media\/51668"}],"wp:attachment":[{"href":"https:\/\/www.ersa-shop.com\/en\/wp-json\/wp\/v2\/media?parent=49533"}],"wp:term":[{"taxonomy":"product_cat","embeddable":true,"href":"https:\/\/www.ersa-shop.com\/en\/wp-json\/wp\/v2\/product_cat?post=49533"},{"taxonomy":"product_tag","embeddable":true,"href":"https:\/\/www.ersa-shop.com\/en\/wp-json\/wp\/v2\/product_tag?post=49533"}],"curies":[{"name":"wp","href":"https:\/\/api.w.org\/{rel}","templated":true}]}}