{"id":49511,"date":"2026-04-29T16:56:52","date_gmt":"2026-04-29T14:56:52","guid":{"rendered":"https:\/\/www.ersa-shop.com\/produkt\/bga-loetkugeln-fuer-reballing-bleifrei-sn96-5ag30cu0-5-030-mm-250000-stueck\/"},"modified":"2026-04-29T17:11:27","modified_gmt":"2026-04-29T15:11:27","slug":"bga-loetkugeln-fuer-reballing-bleifrei-sn96-5ag30cu0-5-030-mm-250000-stueck","status":"publish","type":"product","link":"https:\/\/www.ersa-shop.com\/en\/produkt\/bga-loetkugeln-fuer-reballing-bleifrei-sn96-5ag30cu0-5-030-mm-250000-stueck\/","title":{"rendered":"BGA L\u00f6tkugeln f\u00fcr Reballing bleifrei Sn96.5AG3,0Cu0.5  0,30 mm 250000 St\u00fcck"},"content":{"rendered":"<p>BGA solder balls for reballing, i.e. repositioning the solder balls on BGA components using a stencil<\/p>\n<p>Solder ball diameter: 0.30 mm,<br \/>\ntolerance: 0.015 mm<br \/>\nsolder alloy: Sn96.5Ag3.0Cu0.5, lead-free<br \/>\nMelting point: 217\u00b0C- 219\u00b0C<br \/>\nContents: 250000 pieces<br \/>\nWeight: 0.06 kg<\/p>\n<p>Technical note:<br \/>\nEvery metal has the property of forming an oxide layer when exposed to oxygen. This layer grows over time and must be broken up by a flux in the soldering process. We recommend using the flux gel Interflux IF8300\/4-030 for the reballing process. This process is enhanced by high temperatures and\/or high humidity as well as body sweat. Please take these factors into account and take appropriate action to ensure ideal storage and use. The ideal storage temperature is 25\u00b0C +\/- 5\u00b0C at a humidity of 60 +\/- 20%, and the minimum durability is guaranteed for 12 months from the date of manufacture.<\/p>","protected":false},"excerpt":{"rendered":"<p>BGA solder balls for reballing, i.e. repositioning the solder balls on BGA components using a stencil Solder ball diameter: 0.30 mm, tolerance: 0.015 mm solder alloy: Sn96.5Ag3.0Cu0.5, lead-free Melting point: 217\u00b0C- 219\u00b0C Contents: 250000 pieces Weight: 0.06 kg Technical note: Every metal has the property of forming an oxide layer when exposed to oxygen. This [&hellip;]<\/p>\n","protected":false},"featured_media":51632,"template":"","meta":[],"product_cat":[2307],"product_tag":[],"class_list":{"0":"post-49511","1":"product","2":"type-product","3":"status-publish","4":"has-post-thumbnail","6":"product_cat-lotkugeln","7":"product_shipping_class-postwarenpost-individuell","9":"first","10":"instock","11":"taxable","12":"shipping-taxable","13":"purchasable","14":"product-type-simple"},"_links":{"self":[{"href":"https:\/\/www.ersa-shop.com\/en\/wp-json\/wp\/v2\/product\/49511"}],"collection":[{"href":"https:\/\/www.ersa-shop.com\/en\/wp-json\/wp\/v2\/product"}],"about":[{"href":"https:\/\/www.ersa-shop.com\/en\/wp-json\/wp\/v2\/types\/product"}],"wp:featuredmedia":[{"embeddable":true,"href":"https:\/\/www.ersa-shop.com\/en\/wp-json\/wp\/v2\/media\/51632"}],"wp:attachment":[{"href":"https:\/\/www.ersa-shop.com\/en\/wp-json\/wp\/v2\/media?parent=49511"}],"wp:term":[{"taxonomy":"product_cat","embeddable":true,"href":"https:\/\/www.ersa-shop.com\/en\/wp-json\/wp\/v2\/product_cat?post=49511"},{"taxonomy":"product_tag","embeddable":true,"href":"https:\/\/www.ersa-shop.com\/en\/wp-json\/wp\/v2\/product_tag?post=49511"}],"curies":[{"name":"wp","href":"https:\/\/api.w.org\/{rel}","templated":true}]}}