{"id":332,"date":"2026-04-30T20:40:32","date_gmt":"2026-04-30T18:40:32","guid":{"rendered":"https:\/\/www.ersa-shop.com\/produkt\/ersa-ersadur-loetspitze-fuer-i-tool-gerade-bleistiftspitz-verlaengert-03mm\/"},"modified":"2026-04-30T21:08:03","modified_gmt":"2026-04-30T19:08:03","slug":"ersadur-loetspitze-fuer-i-tool-gerade-bleistiftspitz-verlaengert-03mm","status":"publish","type":"product","link":"https:\/\/www.ersa-shop.com\/en\/produkt\/ersadur-loetspitze-fuer-i-tool-gerade-bleistiftspitz-verlaengert-03mm\/","title":{"rendered":"ERSA ERSADUR soldering tip for i-Tool, straight, pencil-shaped, extended 0.3 mm"},"content":{"rendered":"<p>Typ: Dauerl\u00f6tspitze mit ERSADUR-LF-Beschichtung<br \/>\nForm: gerade, Bleistiftform<br \/>\nDurchmesser: 0,3 mm<\/p>\n<p>Die Dauerl\u00f6tspitze ERSA i-Tip ERSADUR 0102PDLF03L mit spezieller Eisen-Zwischenbeschichtung eignet sich f\u00fcr langlebiges L\u00f6ten mit bleifreiem und bleihaltigem Lot.<\/p>\n<p>Passend f\u00fcr den L\u00f6tkolben i-Tool (0100CDJ) der L\u00f6tstation i-CON in den Versionen:<\/p>\n<p>&#8211; 0IC1000A ERSA i-CON ESD professional L\u00f6tstation<br \/>\n&#8211; 0IC1100A ERSA i-CON1 ESD professional L\u00f6tstation<br \/>\n&#8211; 0IC1100A0C ERSA i-CON1 ESD mit Datenschnittstelle<br \/>\n&#8211; 0IC1100V ERSA i-CON1V ESD professional L\u00f6tstation<\/p>\n<p>&#8211; 0IC1200A ERSA i-CON nano<\/p>\n<p>&#8211; 0IC1300 ERSA i-CON pico<br \/>\n&#8211; 0IC1310 ERSA i-CON pico Plus16<\/p>\n<p>&#8211; 0IC2000A ERSA i-CON2 ESD 2-Kanal-L\u00f6tstation<br \/>\n&#8211; 0IC2000A0C ERSA i-CON2 ESD mit Datenschnittstelle<br \/>\n&#8211; 0IC2000AIT ERSA i-CON2 ESD mit 2x i-TOOL<br \/>\n&#8211; 0IC2000AC ERSA i-CON2 ESD mit i-TOOL &#038; ChipTool Classic<br \/>\n&#8211; 0IC2000AXT ERSA i-CON2 ESD mit i-TOOL &#038; X-TOOL<\/p>\n<p>&#8211; 0IC2200V ERSA i-CON2V ESD<br \/>\n&#8211; 0IC2200V0C ERSA i-CON2V ESD mit Datenschnittstelle<br \/>\n&#8211; 0IC2200VC ERSA i-CON2V ESD mit i-Tool und Chip Tool Vario<br \/>\n&#8211; 0IC2200VIT ERSA i-CON2V ESD mit 2x i-TOOL<br \/>\n&#8211; 0IC2200VXT ERSA i-CON2V ESD mit i-TOOL &#038; X-TOOL<br \/>\n&#8211; 0IC2100VC ERSA i-CON2V ESD mit i-Tool &#038; ChipTool Classic<br \/>\n&#8211; 0IC2100VXT ERSA i-CON2V ESD mit i-TOOL &#038; X-TOOL<\/p>\n<p>&#8211; 0ICV2000AI ERSA Vario 4 ESD mit Air-Tool<br \/>\n&#8211; 0ICV4000AI ERSA Vario 4 ESD mit Air-Tool, i-Tool<br \/>\n&#8211; 0ICV4000AIC ERSA Vario 4 ESD mit Air-Tool, i-Tool, ChipTool Vario<br \/>\n&#8211; 0ICV4000AICX ERSA Vario 4 ESD mit Air-Tool, i-Tool, ChipTool Vario, X-Tool Classic<br \/>\n&#8211; 0ICV4000AICXV ERSA Vario 4 ESD mit Air-Tool, i-Tool, ChipTool Vario, X-Tool Vario<\/p>\n<p>ERSADUR-L\u00f6tspitzen werden in h\u00f6chster Qualit\u00e4t gefertigt und sind f\u00fcr den Dauereinsatz ausgelegt. In einem speziellen Verfahren werden sie mit einer Eisenschicht galvanisiert und durch eine zus\u00e4tzliche Chromschicht vor Korrosion und Oxidation gesch\u00fctzt. Die perfekte W\u00e4rme\u00fcbertragung sch\u00fctzt das Heizelement des L\u00f6tkolbens vor \u00dcberhitzung und vorzeitigem Verschlei\u00df.<\/p>\n<p>Die L\u00f6tspitzen-Serie ERSA 0102 bietet ein umfassendes Programm an L\u00f6t- und Entl\u00f6tspitzen in \u00fcber 40 Formen und Gr\u00f6\u00dfen, die von 0,1 mm bis 37 mm Breite\/Durchmesser reichen und f\u00fcr jede L\u00f6taufgabe geeignet sind.<\/p>","protected":false},"excerpt":{"rendered":"<p>Typ: Dauerl\u00f6tspitze mit ERSADUR-LF-Beschichtung Form: gerade, Bleistiftform Durchmesser: 0,3 mm Die Dauerl\u00f6tspitze ERSA i-Tip ERSADUR 0102PDLF03L mit spezieller Eisen-Zwischenbeschichtung eignet sich f\u00fcr langlebiges L\u00f6ten mit bleifreiem und bleihaltigem Lot. Passend f\u00fcr den L\u00f6tkolben i-Tool (0100CDJ) der L\u00f6tstation i-CON in den Versionen: &#8211; 0IC1000A ERSA i-CON ESD professional L\u00f6tstation &#8211; 0IC1100A ERSA i-CON1 ESD professional L\u00f6tstation [&hellip;]<\/p>\n","protected":false},"featured_media":40469,"template":"","meta":[],"product_cat":[152],"product_tag":[],"class_list":{"0":"post-332","1":"product","2":"type-product","3":"status-publish","4":"has-post-thumbnail","6":"product_cat-102-serie-fuer-i-tool-nano-pico","7":"product_shipping_class-postgrossbrief-2cm-500g","9":"first","10":"instock","11":"taxable","12":"shipping-taxable","13":"purchasable","14":"product-type-simple"},"_links":{"self":[{"href":"https:\/\/www.ersa-shop.com\/en\/wp-json\/wp\/v2\/product\/332"}],"collection":[{"href":"https:\/\/www.ersa-shop.com\/en\/wp-json\/wp\/v2\/product"}],"about":[{"href":"https:\/\/www.ersa-shop.com\/en\/wp-json\/wp\/v2\/types\/product"}],"wp:featuredmedia":[{"embeddable":true,"href":"https:\/\/www.ersa-shop.com\/en\/wp-json\/wp\/v2\/media\/40469"}],"wp:attachment":[{"href":"https:\/\/www.ersa-shop.com\/en\/wp-json\/wp\/v2\/media?parent=332"}],"wp:term":[{"taxonomy":"product_cat","embeddable":true,"href":"https:\/\/www.ersa-shop.com\/en\/wp-json\/wp\/v2\/product_cat?post=332"},{"taxonomy":"product_tag","embeddable":true,"href":"https:\/\/www.ersa-shop.com\/en\/wp-json\/wp\/v2\/product_tag?post=332"}],"curies":[{"name":"wp","href":"https:\/\/api.w.org\/{rel}","templated":true}]}}